{"id":264,"date":"2021-12-20T17:49:13","date_gmt":"2021-12-20T17:49:13","guid":{"rendered":"https:\/\/placevendome.be\/?page_id=264"},"modified":"2026-04-09T19:23:56","modified_gmt":"2026-04-09T17:23:56","slug":"over-ons","status":"publish","type":"page","link":"https:\/\/placevendome.be\/fr\/over-ons\/","title":{"rendered":"A Propos de Nous"},"content":{"rendered":"<div data-elementor-type=\"wp-page\" data-elementor-id=\"264\" class=\"elementor elementor-264\" data-elementor-post-type=\"page\">\n\t\t\t\t\t\t<section class=\"elementor-section elementor-top-section elementor-element elementor-element-746k3y6 elementor-section-boxed elementor-section-height-default elementor-section-height-default\" data-id=\"746k3y6\" data-element_type=\"section\" data-settings=\"{&quot;background_background&quot;:&quot;classic&quot;}\">\n\t\t\t\t\t\t\t<div class=\"elementor-background-overlay\"><\/div>\n\t\t\t\t\t\t\t<div class=\"elementor-container elementor-column-gap-default\">\n\t\t\t\t\t<div class=\"elementor-column elementor-col-100 elementor-top-column elementor-element elementor-element-6620a5f\" data-id=\"6620a5f\" data-element_type=\"column\">\n\t\t\t<div class=\"elementor-widget-wrap elementor-element-populated\">\n\t\t\t\t\t\t<div class=\"elementor-element elementor-element-6effccb elementor-widget elementor-widget-heading\" data-id=\"6effccb\" data-element_type=\"widget\" data-widget_type=\"heading.default\">\n\t\t\t\t<div class=\"elementor-widget-container\">\n\t\t\t\t\t<h4 class=\"elementor-heading-title elementor-size-default\">place vend\u00f4me<\/h4>\t\t\t\t<\/div>\n\t\t\t\t<\/div>\n\t\t\t\t<div class=\"elementor-element elementor-element-c3e4ff9 elementor-invisible elementor-widget elementor-widget-heading\" data-id=\"c3e4ff9\" data-element_type=\"widget\" data-settings=\"{&quot;_animation&quot;:&quot;zoomIn&quot;}\" data-widget_type=\"heading.default\">\n\t\t\t\t<div class=\"elementor-widget-container\">\n\t\t\t\t\t<h1 class=\"elementor-heading-title elementor-size-default\">Trois d\u00e9cennies de haute parfumerie<\/h1>\t\t\t\t<\/div>\n\t\t\t\t<\/div>\n\t\t\t\t\t<\/div>\n\t\t<\/div>\n\t\t\t\t\t<\/div>\n\t\t<\/section>\n\t\t\t\t<section class=\"elementor-section elementor-top-section elementor-element elementor-element-rxgt11m elementor-section-boxed elementor-section-height-default elementor-section-height-default\" data-id=\"rxgt11m\" data-element_type=\"section\" data-settings=\"{&quot;background_background&quot;:&quot;classic&quot;}\">\n\t\t\t\t\t\t<div class=\"elementor-container elementor-column-gap-no\">\n\t\t\t\t\t<div class=\"elementor-column elementor-col-50 elementor-top-column elementor-element elementor-element-f7c16bf\" data-id=\"f7c16bf\" data-element_type=\"column\">\n\t\t\t<div class=\"elementor-widget-wrap elementor-element-populated\">\n\t\t\t\t\t\t<div class=\"elementor-element elementor-element-d822a7a elementor-widget elementor-widget-text-editor\" data-id=\"d822a7a\" data-element_type=\"widget\" data-widget_type=\"text-editor.default\">\n\t\t\t\t<div class=\"elementor-widget-container\">\n\t\t\t\t\t\t\t\t\t<p>Il y a plus d\u2019un quart de si\u00e8cle, en 1989, nous avons mis \u00e0 germer le concept de Haute Parfumerie Place Vend\u00f4me pour exorciser la banalisation de la parfumerie traditionnelle.<\/p><p>La cons\u00e9quence de cette banalisation \u00e9tait que les parfumeurs, par r\u00e9flexion purement commerciales, instiguaient aux consommateurs de se parfumer avec des produits pauvres de qualit\u00e9 et d\u00e9pouill\u00e9 de toute cr\u00e9ativit\u00e9.<\/p><p>Un produit m\u00e9diocre est un produit sans valeur.\u00a0<\/p>\t\t\t\t\t\t\t\t<\/div>\n\t\t\t\t<\/div>\n\t\t\t\t\t<\/div>\n\t\t<\/div>\n\t\t\t\t<div class=\"elementor-column elementor-col-50 elementor-top-column elementor-element elementor-element-6702e9b\" data-id=\"6702e9b\" data-element_type=\"column\">\n\t\t\t<div class=\"elementor-widget-wrap elementor-element-populated\">\n\t\t\t\t\t\t<div class=\"elementor-element elementor-element-8067cfa animated-fast elementor-invisible elementor-widget elementor-widget-image\" data-id=\"8067cfa\" data-element_type=\"widget\" data-settings=\"{&quot;_animation&quot;:&quot;fadeInRight&quot;}\" data-widget_type=\"image.default\">\n\t\t\t\t<div class=\"elementor-widget-container\">\n\t\t\t\t\t\t\t\t\t\t\t\t\t\t\t<img fetchpriority=\"high\" decoding=\"async\" width=\"1024\" height=\"1024\" src=\"https:\/\/placevendome.be\/wp-content\/uploads\/2021\/10\/place-vendome-shalimar-flacon-1024x1024.jpg\" class=\"attachment-large size-large wp-image-90\" alt=\"\" srcset=\"https:\/\/placevendome.be\/wp-content\/uploads\/2021\/10\/place-vendome-shalimar-flacon-1024x1024.jpg 1024w, https:\/\/placevendome.be\/wp-content\/uploads\/2021\/10\/place-vendome-shalimar-flacon-300x300.jpg 300w, https:\/\/placevendome.be\/wp-content\/uploads\/2021\/10\/place-vendome-shalimar-flacon-150x150.jpg 150w, https:\/\/placevendome.be\/wp-content\/uploads\/2021\/10\/place-vendome-shalimar-flacon-768x768.jpg 768w, https:\/\/placevendome.be\/wp-content\/uploads\/2021\/10\/place-vendome-shalimar-flacon.jpg 1280w\" sizes=\"(max-width: 1024px) 100vw, 1024px\" \/>\t\t\t\t\t\t\t\t\t\t\t\t\t\t\t<\/div>\n\t\t\t\t<\/div>\n\t\t\t\t\t<\/div>\n\t\t<\/div>\n\t\t\t\t\t<\/div>\n\t\t<\/section>\n\t\t\t\t<section class=\"elementor-section elementor-top-section elementor-element elementor-element-na9ebi8 elementor-section-content-middle elementor-section-boxed elementor-section-height-default elementor-section-height-default\" data-id=\"na9ebi8\" data-element_type=\"section\" data-settings=\"{&quot;background_background&quot;:&quot;classic&quot;}\">\n\t\t\t\t\t\t<div class=\"elementor-container elementor-column-gap-no\">\n\t\t\t\t\t<div class=\"elementor-column elementor-col-100 elementor-top-column elementor-element elementor-element-dc3e9cf\" data-id=\"dc3e9cf\" data-element_type=\"column\">\n\t\t\t<div class=\"elementor-widget-wrap elementor-element-populated\">\n\t\t\t\t\t\t<section class=\"elementor-section elementor-inner-section elementor-element elementor-element-2e3c768 elementor-section-boxed elementor-section-height-default elementor-section-height-default\" data-id=\"2e3c768\" data-element_type=\"section\">\n\t\t\t\t\t\t<div class=\"elementor-container elementor-column-gap-default\">\n\t\t\t\t\t<div class=\"elementor-column elementor-col-100 elementor-inner-column elementor-element elementor-element-c89a307\" data-id=\"c89a307\" data-element_type=\"column\">\n\t\t\t<div class=\"elementor-widget-wrap elementor-element-populated\">\n\t\t\t\t\t\t<div class=\"elementor-element elementor-element-552ba76 elementor-widget elementor-widget-heading\" data-id=\"552ba76\" data-element_type=\"widget\" data-widget_type=\"heading.default\">\n\t\t\t\t<div class=\"elementor-widget-container\">\n\t\t\t\t\t<h2 class=\"elementor-heading-title elementor-size-default\">Nos valeurs<\/h2>\t\t\t\t<\/div>\n\t\t\t\t<\/div>\n\t\t\t\t<div class=\"elementor-element elementor-element-0b35eb2 elementor-widget elementor-widget-text-editor\" data-id=\"0b35eb2\" data-element_type=\"widget\" data-widget_type=\"text-editor.default\">\n\t\t\t\t<div class=\"elementor-widget-container\">\n\t\t\t\t\t\t\t\t\t<p>La philosophie de Place Vend\u00f4me repose sur trois constantes qui ne d\u00e9rogent pas \u00e0 :<\/p>\t\t\t\t\t\t\t\t<\/div>\n\t\t\t\t<\/div>\n\t\t\t\t\t<\/div>\n\t\t<\/div>\n\t\t\t\t\t<\/div>\n\t\t<\/section>\n\t\t\t\t<section class=\"elementor-section elementor-inner-section elementor-element elementor-element-b02d6fd elementor-section-boxed elementor-section-height-default elementor-section-height-default\" data-id=\"b02d6fd\" data-element_type=\"section\">\n\t\t\t\t\t\t<div class=\"elementor-container elementor-column-gap-default\">\n\t\t\t\t\t<div class=\"elementor-column elementor-col-33 elementor-inner-column elementor-element elementor-element-fbed5e8 animated-fast elementor-invisible\" data-id=\"fbed5e8\" data-element_type=\"column\" data-settings=\"{&quot;background_background&quot;:&quot;classic&quot;,&quot;animation&quot;:&quot;slideInUp&quot;,&quot;animation_tablet&quot;:&quot;fadeInLeft&quot;}\">\n\t\t\t<div class=\"elementor-widget-wrap elementor-element-populated\">\n\t\t\t\t\t<div class=\"elementor-background-overlay\"><\/div>\n\t\t\t\t\t\t<div class=\"elementor-element elementor-element-285514c elementor-widget elementor-widget-icon-box\" data-id=\"285514c\" data-element_type=\"widget\" data-widget_type=\"icon-box.default\">\n\t\t\t\t<div class=\"elementor-widget-container\">\n\t\t\t\t\t\t\t<div class=\"elementor-icon-box-wrapper\">\n\n\t\t\t\n\t\t\t\t\t\t<div class=\"elementor-icon-box-content\">\n\n\t\t\t\t\t\t\t\t\t<h3 class=\"elementor-icon-box-title\">\n\t\t\t\t\t\t<span  >\n\t\t\t\t\t\t\tclient\t\t\t\t\t\t<\/span>\n\t\t\t\t\t<\/h3>\n\t\t\t\t\n\t\t\t\t\t\t\t\t\t<p class=\"elementor-icon-box-description\">\n\t\t\t\t\t\tChaque client a ces \u00e9motions propres \u00e0 lui, ces d\u00e9sirs intimes. Nous y pr\u00eatons une attention particuli\u00e8re afin de pouvoir d\u00e9cortiquer ces attentes et de les traduire en parfum. Nous voulons que le client puisse rentrer chez nous pour ce dont il\/elle a besoin, mais ressorte avec ce dont il\/elle r\u00eave.\t\t\t\t\t<\/p>\n\t\t\t\t\n\t\t\t<\/div>\n\t\t\t\n\t\t<\/div>\n\t\t\t\t\t\t<\/div>\n\t\t\t\t<\/div>\n\t\t\t\t\t<\/div>\n\t\t<\/div>\n\t\t\t\t<div class=\"elementor-column elementor-col-33 elementor-inner-column elementor-element elementor-element-854262a animated-fast elementor-invisible\" data-id=\"854262a\" data-element_type=\"column\" data-settings=\"{&quot;background_background&quot;:&quot;classic&quot;,&quot;animation&quot;:&quot;slideInUp&quot;,&quot;animation_delay&quot;:100,&quot;animation_tablet&quot;:&quot;fadeInRight&quot;}\">\n\t\t\t<div class=\"elementor-widget-wrap elementor-element-populated\">\n\t\t\t\t\t<div class=\"elementor-background-overlay\"><\/div>\n\t\t\t\t\t\t<div class=\"elementor-element elementor-element-58bb9de elementor-widget elementor-widget-icon-box\" data-id=\"58bb9de\" data-element_type=\"widget\" data-widget_type=\"icon-box.default\">\n\t\t\t\t<div class=\"elementor-widget-container\">\n\t\t\t\t\t\t\t<div class=\"elementor-icon-box-wrapper\">\n\n\t\t\t\n\t\t\t\t\t\t<div class=\"elementor-icon-box-content\">\n\n\t\t\t\t\t\t\t\t\t<h3 class=\"elementor-icon-box-title\">\n\t\t\t\t\t\t<span  >\n\t\t\t\t\t\t\tproduit\t\t\t\t\t\t<\/span>\n\t\t\t\t\t<\/h3>\n\t\t\t\t\n\t\t\t\t\t\t\t\t\t<p class=\"elementor-icon-box-description\">\n\t\t\t\t\t\tLa connaissance des mati\u00e8res premi\u00e8res et l\u2019efficacit\u00e9 des produits est essentiel. Nous proposons des produits de qualit\u00e9 et non des produits purement de marketing. Une vraie proximit\u00e9 avec le produit.\t\t\t\t\t<\/p>\n\t\t\t\t\n\t\t\t<\/div>\n\t\t\t\n\t\t<\/div>\n\t\t\t\t\t\t<\/div>\n\t\t\t\t<\/div>\n\t\t\t\t\t<\/div>\n\t\t<\/div>\n\t\t\t\t<div class=\"elementor-column elementor-col-33 elementor-inner-column elementor-element elementor-element-572bf51 animated-fast elementor-invisible\" data-id=\"572bf51\" data-element_type=\"column\" data-settings=\"{&quot;background_background&quot;:&quot;classic&quot;,&quot;animation&quot;:&quot;slideInUp&quot;,&quot;animation_delay&quot;:200,&quot;animation_tablet&quot;:&quot;fadeInLeft&quot;}\">\n\t\t\t<div class=\"elementor-widget-wrap elementor-element-populated\">\n\t\t\t\t\t<div class=\"elementor-background-overlay\"><\/div>\n\t\t\t\t\t\t<div class=\"elementor-element elementor-element-660580d elementor-widget elementor-widget-icon-box\" data-id=\"660580d\" data-element_type=\"widget\" data-widget_type=\"icon-box.default\">\n\t\t\t\t<div class=\"elementor-widget-container\">\n\t\t\t\t\t\t\t<div class=\"elementor-icon-box-wrapper\">\n\n\t\t\t\n\t\t\t\t\t\t<div class=\"elementor-icon-box-content\">\n\n\t\t\t\t\t\t\t\t\t<h3 class=\"elementor-icon-box-title\">\n\t\t\t\t\t\t<span  >\n\t\t\t\t\t\t\temotion\t\t\t\t\t\t<\/span>\n\t\t\t\t\t<\/h3>\n\t\t\t\t\n\t\t\t\t\t\t\t\t\t<p class=\"elementor-icon-box-description\">\n\t\t\t\t\t\tLe produits doivent \u00eates d\u00e9couverts et v\u00e9cus de la fa\u00e7on la plus optimale. Si l\u2019exp\u00e9rience produit est optimale, le luxe devient nourriture pour l\u2019\u00e2me.\t\t\t\t\t<\/p>\n\t\t\t\t\n\t\t\t<\/div>\n\t\t\t\n\t\t<\/div>\n\t\t\t\t\t\t<\/div>\n\t\t\t\t<\/div>\n\t\t\t\t\t<\/div>\n\t\t<\/div>\n\t\t\t\t\t<\/div>\n\t\t<\/section>\n\t\t\t\t\t<\/div>\n\t\t<\/div>\n\t\t\t\t\t<\/div>\n\t\t<\/section>\n\t\t\t\t<section class=\"elementor-section elementor-top-section elementor-element elementor-element-e4acbe1 elementor-section-boxed elementor-section-height-default elementor-section-height-default\" data-id=\"e4acbe1\" data-element_type=\"section\">\n\t\t\t\t\t\t<div class=\"elementor-container elementor-column-gap-default\">\n\t\t\t\t\t<div class=\"elementor-column elementor-col-100 elementor-top-column elementor-element elementor-element-f19a8ec\" data-id=\"f19a8ec\" data-element_type=\"column\">\n\t\t\t<div class=\"elementor-widget-wrap elementor-element-populated\">\n\t\t\t\t\t\t<div class=\"elementor-element elementor-element-513a51f elementor-widget elementor-widget-heading\" data-id=\"513a51f\" data-element_type=\"widget\" data-widget_type=\"heading.default\">\n\t\t\t\t<div class=\"elementor-widget-container\">\n\t\t\t\t\t<h2 class=\"elementor-heading-title elementor-size-default\">Qui est Place Vend\u00f4me?<\/h2>\t\t\t\t<\/div>\n\t\t\t\t<\/div>\n\t\t\t\t<section class=\"elementor-section elementor-inner-section elementor-element elementor-element-46ff633 elementor-section-boxed elementor-section-height-default elementor-section-height-default\" data-id=\"46ff633\" data-element_type=\"section\">\n\t\t\t\t\t\t<div class=\"elementor-container elementor-column-gap-wider\">\n\t\t\t\t\t<div class=\"elementor-column elementor-col-33 elementor-inner-column elementor-element elementor-element-b0073f1 animated-fast elementor-invisible\" data-id=\"b0073f1\" data-element_type=\"column\" data-settings=\"{&quot;animation&quot;:&quot;fadeInLeft&quot;}\">\n\t\t\t<div class=\"elementor-widget-wrap elementor-element-populated\">\n\t\t\t\t\t\t<div class=\"elementor-element elementor-element-f150db3 elementor-widget elementor-widget-image\" data-id=\"f150db3\" data-element_type=\"widget\" data-widget_type=\"image.default\">\n\t\t\t\t<div class=\"elementor-widget-container\">\n\t\t\t\t\t\t\t\t\t\t\t\t\t\t\t<img decoding=\"async\" width=\"683\" height=\"1024\" src=\"https:\/\/placevendome.be\/wp-content\/uploads\/2026\/04\/place-vendome_david-683x1024.jpg\" class=\"attachment-large size-large wp-image-905\" alt=\"\" srcset=\"https:\/\/placevendome.be\/wp-content\/uploads\/2026\/04\/place-vendome_david-683x1024.jpg 683w, https:\/\/placevendome.be\/wp-content\/uploads\/2026\/04\/place-vendome_david-200x300.jpg 200w, https:\/\/placevendome.be\/wp-content\/uploads\/2026\/04\/place-vendome_david-768x1151.jpg 768w, https:\/\/placevendome.be\/wp-content\/uploads\/2026\/04\/place-vendome_david-1025x1536.jpg 1025w, https:\/\/placevendome.be\/wp-content\/uploads\/2026\/04\/place-vendome_david-8x12.jpg 8w, https:\/\/placevendome.be\/wp-content\/uploads\/2026\/04\/place-vendome_david.jpg 1067w\" sizes=\"(max-width: 683px) 100vw, 683px\" \/>\t\t\t\t\t\t\t\t\t\t\t\t\t\t\t<\/div>\n\t\t\t\t<\/div>\n\t\t\t\t<div class=\"elementor-element elementor-element-81b42e4 elementor-widget elementor-widget-heading\" data-id=\"81b42e4\" data-element_type=\"widget\" data-widget_type=\"heading.default\">\n\t\t\t\t<div class=\"elementor-widget-container\">\n\t\t\t\t\t<h3 class=\"elementor-heading-title elementor-size-default\">david depuydt<\/h3>\t\t\t\t<\/div>\n\t\t\t\t<\/div>\n\t\t\t\t\t<\/div>\n\t\t<\/div>\n\t\t\t\t<div class=\"elementor-column elementor-col-33 elementor-inner-column elementor-element elementor-element-1768301 animated-fast elementor-invisible\" data-id=\"1768301\" data-element_type=\"column\" data-settings=\"{&quot;animation&quot;:&quot;fadeInRight&quot;,&quot;animation_delay&quot;:10}\">\n\t\t\t<div class=\"elementor-widget-wrap elementor-element-populated\">\n\t\t\t\t\t\t<div class=\"elementor-element elementor-element-53ed15f elementor-widget elementor-widget-image\" data-id=\"53ed15f\" data-element_type=\"widget\" data-widget_type=\"image.default\">\n\t\t\t\t<div class=\"elementor-widget-container\">\n\t\t\t\t\t\t\t\t\t\t\t\t\t\t\t<img decoding=\"async\" width=\"683\" height=\"1024\" src=\"https:\/\/placevendome.be\/wp-content\/uploads\/2026\/04\/place-vendome_steven-683x1024.jpg\" class=\"attachment-large size-large wp-image-907\" alt=\"\" srcset=\"https:\/\/placevendome.be\/wp-content\/uploads\/2026\/04\/place-vendome_steven-683x1024.jpg 683w, https:\/\/placevendome.be\/wp-content\/uploads\/2026\/04\/place-vendome_steven-200x300.jpg 200w, https:\/\/placevendome.be\/wp-content\/uploads\/2026\/04\/place-vendome_steven-768x1151.jpg 768w, https:\/\/placevendome.be\/wp-content\/uploads\/2026\/04\/place-vendome_steven-1025x1536.jpg 1025w, https:\/\/placevendome.be\/wp-content\/uploads\/2026\/04\/place-vendome_steven-8x12.jpg 8w, https:\/\/placevendome.be\/wp-content\/uploads\/2026\/04\/place-vendome_steven.jpg 1067w\" sizes=\"(max-width: 683px) 100vw, 683px\" \/>\t\t\t\t\t\t\t\t\t\t\t\t\t\t\t<\/div>\n\t\t\t\t<\/div>\n\t\t\t\t<div class=\"elementor-element elementor-element-448a490 elementor-widget elementor-widget-heading\" data-id=\"448a490\" data-element_type=\"widget\" data-widget_type=\"heading.default\">\n\t\t\t\t<div class=\"elementor-widget-container\">\n\t\t\t\t\t<h3 class=\"elementor-heading-title elementor-size-default\">steven verstraete<\/h3>\t\t\t\t<\/div>\n\t\t\t\t<\/div>\n\t\t\t\t\t<\/div>\n\t\t<\/div>\n\t\t\t\t<div class=\"elementor-column elementor-col-33 elementor-inner-column elementor-element elementor-element-2331bda animated-fast elementor-invisible\" data-id=\"2331bda\" data-element_type=\"column\" data-settings=\"{&quot;animation&quot;:&quot;fadeInRight&quot;,&quot;animation_delay&quot;:10}\">\n\t\t\t<div class=\"elementor-widget-wrap elementor-element-populated\">\n\t\t\t\t\t\t<div class=\"elementor-element elementor-element-053a544 elementor-widget elementor-widget-image\" data-id=\"053a544\" data-element_type=\"widget\" data-widget_type=\"image.default\">\n\t\t\t\t<div class=\"elementor-widget-container\">\n\t\t\t\t\t\t\t\t\t\t\t\t\t\t\t<img loading=\"lazy\" decoding=\"async\" width=\"683\" height=\"1024\" src=\"https:\/\/placevendome.be\/wp-content\/uploads\/2026\/04\/place-vendome_kiara-683x1024.jpg\" class=\"attachment-large size-large wp-image-906\" alt=\"\" srcset=\"https:\/\/placevendome.be\/wp-content\/uploads\/2026\/04\/place-vendome_kiara-683x1024.jpg 683w, https:\/\/placevendome.be\/wp-content\/uploads\/2026\/04\/place-vendome_kiara-200x300.jpg 200w, https:\/\/placevendome.be\/wp-content\/uploads\/2026\/04\/place-vendome_kiara-768x1152.jpg 768w, https:\/\/placevendome.be\/wp-content\/uploads\/2026\/04\/place-vendome_kiara-1024x1536.jpg 1024w, https:\/\/placevendome.be\/wp-content\/uploads\/2026\/04\/place-vendome_kiara-8x12.jpg 8w, https:\/\/placevendome.be\/wp-content\/uploads\/2026\/04\/place-vendome_kiara.jpg 1067w\" sizes=\"(max-width: 683px) 100vw, 683px\" \/>\t\t\t\t\t\t\t\t\t\t\t\t\t\t\t<\/div>\n\t\t\t\t<\/div>\n\t\t\t\t<div class=\"elementor-element elementor-element-cc4905d elementor-widget elementor-widget-heading\" data-id=\"cc4905d\" data-element_type=\"widget\" data-widget_type=\"heading.default\">\n\t\t\t\t<div class=\"elementor-widget-container\">\n\t\t\t\t\t<h3 class=\"elementor-heading-title elementor-size-default\">Kiara Detavernier<\/h3>\t\t\t\t<\/div>\n\t\t\t\t<\/div>\n\t\t\t\t\t<\/div>\n\t\t<\/div>\n\t\t\t\t\t<\/div>\n\t\t<\/section>\n\t\t\t\t\t<\/div>\n\t\t<\/div>\n\t\t\t\t\t<\/div>\n\t\t<\/section>\n\t\t\t\t<\/div>","protected":false},"excerpt":{"rendered":"<p>place vend\u00f4me Drie decennia haute parfumerie Een kwart eeuw geleden, in 1989, ontkiemde het concept van Haute Parfumerie Place Vend\u00f4me vanuit de heersende concurrentieoorlog die toen een hoogtepunt kende. De consequentie van deze prijzenslag was dat de parfumeur, uit commerci\u00eble overwegingen, producten opdrong aan de klant, die arm aan creativiteit en kwaliteit waren. Een verkeerd [&hellip;]<\/p>","protected":false},"author":1,"featured_media":0,"parent":0,"menu_order":4,"comment_status":"closed","ping_status":"closed","template":"","meta":{"inline_featured_image":false,"site-sidebar-layout":"no-sidebar","site-content-layout":"page-builder","ast-site-content-layout":"default","site-content-style":"default","site-sidebar-style":"default","ast-global-header-display":"","ast-banner-title-visibility":"","ast-main-header-display":"","ast-hfb-above-header-display":"","ast-hfb-below-header-display":"","ast-hfb-mobile-header-display":"","site-post-title":"disabled","ast-breadcrumbs-content":"","ast-featured-img":"disabled","footer-sml-layout":"","ast-disable-related-posts":"","theme-transparent-header-meta":"","adv-header-id-meta":"","stick-header-meta":"","header-above-stick-meta":"","header-main-stick-meta":"","header-below-stick-meta":"","astra-migrate-meta-layouts":"default","ast-page-background-enabled":"default","ast-page-background-meta":{"desktop":{"background-color":"","background-image":"","background-repeat":"repeat","background-position":"center center","background-size":"auto","background-attachment":"scroll","background-type":"","background-media":"","overlay-type":"","overlay-color":"","overlay-opacity":"","overlay-gradient":""},"tablet":{"background-color":"","background-image":"","background-repeat":"repeat","background-position":"center center","background-size":"auto","background-attachment":"scroll","background-type":"","background-media":"","overlay-type":"","overlay-color":"","overlay-opacity":"","overlay-gradient":""},"mobile":{"background-color":"","background-image":"","background-repeat":"repeat","background-position":"center center","background-size":"auto","background-attachment":"scroll","background-type":"","background-media":"","overlay-type":"","overlay-color":"","overlay-opacity":"","overlay-gradient":""}},"ast-content-background-meta":{"desktop":{"background-color":"var(--ast-global-color-5)","background-image":"","background-repeat":"repeat","background-position":"center center","background-size":"auto","background-attachment":"scroll","background-type":"","background-media":"","overlay-type":"","overlay-color":"","overlay-opacity":"","overlay-gradient":""},"tablet":{"background-color":"var(--ast-global-color-5)","background-image":"","background-repeat":"repeat","background-position":"center center","background-size":"auto","background-attachment":"scroll","background-type":"","background-media":"","overlay-type":"","overlay-color":"","overlay-opacity":"","overlay-gradient":""},"mobile":{"background-color":"var(--ast-global-color-5)","background-image":"","background-repeat":"repeat","background-position":"center center","background-size":"auto","background-attachment":"scroll","background-type":"","background-media":"","overlay-type":"","overlay-color":"","overlay-opacity":"","overlay-gradient":""}},"footnotes":""},"class_list":["post-264","page","type-page","status-publish","hentry"],"_links":{"self":[{"href":"https:\/\/placevendome.be\/fr\/wp-json\/wp\/v2\/pages\/264","targetHints":{"allow":["GET"]}}],"collection":[{"href":"https:\/\/placevendome.be\/fr\/wp-json\/wp\/v2\/pages"}],"about":[{"href":"https:\/\/placevendome.be\/fr\/wp-json\/wp\/v2\/types\/page"}],"author":[{"embeddable":true,"href":"https:\/\/placevendome.be\/fr\/wp-json\/wp\/v2\/users\/1"}],"replies":[{"embeddable":true,"href":"https:\/\/placevendome.be\/fr\/wp-json\/wp\/v2\/comments?post=264"}],"version-history":[{"count":3,"href":"https:\/\/placevendome.be\/fr\/wp-json\/wp\/v2\/pages\/264\/revisions"}],"predecessor-version":[{"id":910,"href":"https:\/\/placevendome.be\/fr\/wp-json\/wp\/v2\/pages\/264\/revisions\/910"}],"wp:attachment":[{"href":"https:\/\/placevendome.be\/fr\/wp-json\/wp\/v2\/media?parent=264"}],"curies":[{"name":"wp","href":"https:\/\/api.w.org\/{rel}","templated":true}]}}