{"id":325,"date":"2022-01-24T16:26:09","date_gmt":"2022-01-24T16:26:09","guid":{"rendered":"https:\/\/placevendome.be\/?page_id=325"},"modified":"2022-02-19T08:51:31","modified_gmt":"2022-02-19T08:51:31","slug":"parfumconsultatie","status":"publish","type":"page","link":"https:\/\/placevendome.be\/fr\/parfumconsultatie\/","title":{"rendered":"Consultation de Parfum"},"content":{"rendered":"<div data-elementor-type=\"wp-page\" data-elementor-id=\"325\" class=\"elementor elementor-325\" data-elementor-post-type=\"page\">\n\t\t\t\t\t\t<section class=\"elementor-section elementor-top-section elementor-element elementor-element-9csuqh1 elementor-section-boxed elementor-section-height-default elementor-section-height-default\" data-id=\"9csuqh1\" data-element_type=\"section\">\n\t\t\t\t\t\t<div class=\"elementor-container elementor-column-gap-no\">\n\t\t\t\t\t<div class=\"elementor-column elementor-col-100 elementor-top-column elementor-element elementor-element-d52789c\" data-id=\"d52789c\" data-element_type=\"column\">\n\t\t\t<div class=\"elementor-widget-wrap elementor-element-populated\">\n\t\t\t\t\t\t<section class=\"elementor-section elementor-inner-section elementor-element elementor-element-f119269 elementor-section-boxed elementor-section-height-default elementor-section-height-default\" data-id=\"f119269\" data-element_type=\"section\">\n\t\t\t\t\t\t<div class=\"elementor-container elementor-column-gap-no\">\n\t\t\t\t\t<div class=\"elementor-column elementor-col-100 elementor-inner-column elementor-element elementor-element-de7219f\" data-id=\"de7219f\" data-element_type=\"column\">\n\t\t\t<div class=\"elementor-widget-wrap elementor-element-populated\">\n\t\t\t\t\t\t<div class=\"elementor-element elementor-element-869b955 elementor-invisible elementor-widget elementor-widget-heading\" data-id=\"869b955\" data-element_type=\"widget\" data-settings=\"{&quot;_animation&quot;:&quot;zoomIn&quot;}\" data-widget_type=\"heading.default\">\n\t\t\t\t<div class=\"elementor-widget-container\">\n\t\t\t\t\t<h1 class=\"elementor-heading-title elementor-size-default\">Consultation de parfum<\/h1>\t\t\t\t<\/div>\n\t\t\t\t<\/div>\n\t\t\t\t<div class=\"elementor-element elementor-element-ae3277e elementor-widget elementor-widget-text-editor\" data-id=\"ae3277e\" data-element_type=\"widget\" data-widget_type=\"text-editor.default\">\n\t\t\t\t<div class=\"elementor-widget-container\">\n\t\t\t\t\t\t\t\t\t<p>D\u00e9couvrez un parfum fait sur mesure pour vous. Lors d'une consultation de parfum, nous recherchons ensemble le parfum qui s'exprime pour vous.<\/p>\t\t\t\t\t\t\t\t<\/div>\n\t\t\t\t<\/div>\n\t\t\t\t<div class=\"elementor-element elementor-element-4390a2d elementor-align-center elementor-widget elementor-widget-button\" data-id=\"4390a2d\" data-element_type=\"widget\" data-widget_type=\"button.default\">\n\t\t\t\t<div class=\"elementor-widget-container\">\n\t\t\t\t\t\t\t\t\t<div class=\"elementor-button-wrapper\">\n\t\t\t\t\t<a class=\"elementor-button elementor-button-link elementor-size-sm\" href=\"#consult\">\n\t\t\t\t\t\t<span class=\"elementor-button-content-wrapper\">\n\t\t\t\t\t\t\t\t\t<span class=\"elementor-button-text\">Lire Plus<\/span>\n\t\t\t\t\t<\/span>\n\t\t\t\t\t<\/a>\n\t\t\t\t<\/div>\n\t\t\t\t\t\t\t\t<\/div>\n\t\t\t\t<\/div>\n\t\t\t\t<div class=\"elementor-element elementor-element-3400101 elementor-widget elementor-widget-html\" data-id=\"3400101\" data-element_type=\"widget\" data-widget_type=\"html.default\">\n\t\t\t\t<div class=\"elementor-widget-container\">\n\t\t\t\t\t<audio controls autoplay>\n  <source src=\"https:\/\/placevendome.be\/wp-content\/uploads\/2022\/02\/full_brightest-of-lights.mp3\" type=\"audio\/mpeg\">\n  Your browser does not support the audio element.\n<\/audio>\t\t\t\t<\/div>\n\t\t\t\t<\/div>\n\t\t\t\t\t<\/div>\n\t\t<\/div>\n\t\t\t\t\t<\/div>\n\t\t<\/section>\n\t\t\t\t<div class=\"elementor-element elementor-element-f792ca3 elementor-hidden-mobile elementor-invisible elementor-widget elementor-widget-image\" data-id=\"f792ca3\" data-element_type=\"widget\" data-settings=\"{&quot;_animation&quot;:&quot;fadeInUp&quot;}\" data-widget_type=\"image.default\">\n\t\t\t\t<div class=\"elementor-widget-container\">\n\t\t\t\t\t\t\t\t\t\t\t\t\t\t\t<img decoding=\"async\" src=\"https:\/\/placevendome.be\/wp-content\/uploads\/elementor\/thumbs\/place-vendome-consult-abstract-pklw0xtaep9uxuffd3flsmg5i80jw1gbwcgh6kv3cw.jpg\" title=\"place-vendome-consult-abstract\" alt=\"place-vendome-consult-abstract\" loading=\"lazy\" \/>\t\t\t\t\t\t\t\t\t\t\t\t\t\t\t<\/div>\n\t\t\t\t<\/div>\n\t\t\t\t<div class=\"elementor-element elementor-element-d706527 elementor-hidden-desktop elementor-hidden-tablet elementor-invisible elementor-widget elementor-widget-image\" data-id=\"d706527\" data-element_type=\"widget\" data-settings=\"{&quot;_animation&quot;:&quot;fadeInUp&quot;}\" data-widget_type=\"image.default\">\n\t\t\t\t<div class=\"elementor-widget-container\">\n\t\t\t\t\t\t\t\t\t\t\t\t\t\t\t<img fetchpriority=\"high\" decoding=\"async\" width=\"1024\" height=\"683\" src=\"https:\/\/placevendome.be\/wp-content\/uploads\/2022\/01\/place-vendome-consult-abstract-1024x683.jpg\" class=\"attachment-large size-large wp-image-329\" alt=\"\" srcset=\"https:\/\/placevendome.be\/wp-content\/uploads\/2022\/01\/place-vendome-consult-abstract-1024x683.jpg 1024w, https:\/\/placevendome.be\/wp-content\/uploads\/2022\/01\/place-vendome-consult-abstract-300x200.jpg 300w, https:\/\/placevendome.be\/wp-content\/uploads\/2022\/01\/place-vendome-consult-abstract-768x512.jpg 768w, https:\/\/placevendome.be\/wp-content\/uploads\/2022\/01\/place-vendome-consult-abstract-1536x1024.jpg 1536w, https:\/\/placevendome.be\/wp-content\/uploads\/2022\/01\/place-vendome-consult-abstract.jpg 1920w\" sizes=\"(max-width: 1024px) 100vw, 1024px\" \/>\t\t\t\t\t\t\t\t\t\t\t\t\t\t\t<\/div>\n\t\t\t\t<\/div>\n\t\t\t\t\t<\/div>\n\t\t<\/div>\n\t\t\t\t\t<\/div>\n\t\t<\/section>\n\t\t\t\t<section class=\"elementor-section elementor-top-section elementor-element elementor-element-c96d39a elementor-section-boxed elementor-section-height-default elementor-section-height-default\" data-id=\"c96d39a\" data-element_type=\"section\" id=\"consult\">\n\t\t\t\t\t\t<div class=\"elementor-container elementor-column-gap-default\">\n\t\t\t\t\t<div class=\"elementor-column elementor-col-100 elementor-top-column elementor-element elementor-element-a448eb3\" data-id=\"a448eb3\" data-element_type=\"column\">\n\t\t\t<div class=\"elementor-widget-wrap elementor-element-populated\">\n\t\t\t\t\t\t<div class=\"elementor-element elementor-element-c683a37 elementor-widget elementor-widget-text-editor\" data-id=\"c683a37\" data-element_type=\"widget\" data-widget_type=\"text-editor.default\">\n\t\t\t\t<div class=\"elementor-widget-container\">\n\t\t\t\t\t\t\t\t\t<p>Notre personnalit\u00e9 est fa\u00e7onn\u00e9e par les \u00e9v\u00e9nements de notre vie.<\/p><p>Cela s'applique \u00e9galement \u00e0 notre m\u00e9moire olfactive, \u00e0 notre association olfactive et \u00e0 notre sentiment \u00e0 ce sujet.<\/p><p>Ce qui est v\u00e9cu comme agr\u00e9able par une personne peut provoquer la d\u00e9sapprobation d'une autre.<\/p><p>Chacun est unique, avec ses propres empreintes olfactives dans la m\u00e9moire, chacun avec sa propre vision de ce qui d\u00e9clenche un sentiment de tentation ou de bonheur.<\/p><p>Gr\u00e2ce \u00e0 une consultation parfum\u00e9e, nous pouvons, avec vous, affiner cette perception, l'unit\u00e9 entre vous et votre parfum.<\/p><p>Enfin, parmi une collection de plus de 900 parfums, trois sont s\u00e9lectionn\u00e9s et pr\u00e9sent\u00e9s pour refl\u00e9ter trois facettes de votre vie.<\/p><p>La premi\u00e8re facette est qui nous sommes quand nous n'avons pas \u00e0 \u00eatre vigilants. Ce parfum est le plus intimiste, avec le moins de fioritures, mais prend soin de notre \u00e9quilibre int\u00e9rieur.<\/p><p>La deuxi\u00e8me partie est qui nous sommes dans notre interaction sociale avec les autres. C'est votre communication en tant qu'individu, avec le monde qui vous entoure.<\/p><p>La troisi\u00e8me et derni\u00e8re facette est l'image id\u00e9ale de vous-m\u00eame. La beaut\u00e9 est la meilleure version de vous-m\u00eame, \u00e0 l'int\u00e9rieur comme \u00e0 l'ext\u00e9rieur.<\/p><p>Apr\u00e8s une consultation de parfum, qui dure environ 45 minutes, votre parfum d'\u00e2me vous sera \u00e9galement remis.<\/p><p>La consultation olfactive a lieu sur rendez-vous.<\/p><p><em>La valeur, y compris le parfum r\u00e9sultant, est de \u20ac 300.<\/em><\/p>\t\t\t\t\t\t\t\t<\/div>\n\t\t\t\t<\/div>\n\t\t\t\t<div class=\"elementor-element elementor-element-c6a2ebd elementor-align-center elementor-widget elementor-widget-button\" data-id=\"c6a2ebd\" data-element_type=\"widget\" data-widget_type=\"button.default\">\n\t\t\t\t<div class=\"elementor-widget-container\">\n\t\t\t\t\t\t\t\t\t<div class=\"elementor-button-wrapper\">\n\t\t\t\t\t<a class=\"elementor-button elementor-button-link elementor-size-sm\" href=\"https:\/\/placevendome.be\/fr\/contact\/\">\n\t\t\t\t\t\t<span class=\"elementor-button-content-wrapper\">\n\t\t\t\t\t\t\t\t\t<span class=\"elementor-button-text\">Contactez-nous<\/span>\n\t\t\t\t\t<\/span>\n\t\t\t\t\t<\/a>\n\t\t\t\t<\/div>\n\t\t\t\t\t\t\t\t<\/div>\n\t\t\t\t<\/div>\n\t\t\t\t\t<\/div>\n\t\t<\/div>\n\t\t\t\t\t<\/div>\n\t\t<\/section>\n\t\t\t\t<\/div>","protected":false},"excerpt":{"rendered":"<p>Parfum&shy;consultatie Ontdek een parfum dat u als het ware op het lijf is geschreven. In een parfumconsultatie gaan we samen op zoek naar die ene geur die voor u de uitdrukking van uzelf is. lees meer Your browser does not support the audio element. Onze persoonlijkheid wordt gevormd door de gebeurtenissen in ons leven. Dat [&hellip;]<\/p>","protected":false},"author":1,"featured_media":0,"parent":0,"menu_order":6,"comment_status":"closed","ping_status":"closed","template":"","meta":{"inline_featured_image":false,"site-sidebar-layout":"no-sidebar","site-content-layout":"page-builder","ast-site-content-layout":"default","site-content-style":"default","site-sidebar-style":"default","ast-global-header-display":"","ast-banner-title-visibility":"","ast-main-header-display":"","ast-hfb-above-header-display":"","ast-hfb-below-header-display":"","ast-hfb-mobile-header-display":"","site-post-title":"disabled","ast-breadcrumbs-content":"","ast-featured-img":"disabled","footer-sml-layout":"","ast-disable-related-posts":"","theme-transparent-header-meta":"","adv-header-id-meta":"","stick-header-meta":"","header-above-stick-meta":"","header-main-stick-meta":"","header-below-stick-meta":"","astra-migrate-meta-layouts":"default","ast-page-background-enabled":"default","ast-page-background-meta":{"desktop":{"background-color":"","background-image":"","background-repeat":"repeat","background-position":"center center","background-size":"auto","background-attachment":"scroll","background-type":"","background-media":"","overlay-type":"","overlay-color":"","overlay-opacity":"","overlay-gradient":""},"tablet":{"background-color":"","background-image":"","background-repeat":"repeat","background-position":"center center","background-size":"auto","background-attachment":"scroll","background-type":"","background-media":"","overlay-type":"","overlay-color":"","overlay-opacity":"","overlay-gradient":""},"mobile":{"background-color":"","background-image":"","background-repeat":"repeat","background-position":"center center","background-size":"auto","background-attachment":"scroll","background-type":"","background-media":"","overlay-type":"","overlay-color":"","overlay-opacity":"","overlay-gradient":""}},"ast-content-background-meta":{"desktop":{"background-color":"var(--ast-global-color-5)","background-image":"","background-repeat":"repeat","background-position":"center center","background-size":"auto","background-attachment":"scroll","background-type":"","background-media":"","overlay-type":"","overlay-color":"","overlay-opacity":"","overlay-gradient":""},"tablet":{"background-color":"var(--ast-global-color-5)","background-image":"","background-repeat":"repeat","background-position":"center center","background-size":"auto","background-attachment":"scroll","background-type":"","background-media":"","overlay-type":"","overlay-color":"","overlay-opacity":"","overlay-gradient":""},"mobile":{"background-color":"var(--ast-global-color-5)","background-image":"","background-repeat":"repeat","background-position":"center center","background-size":"auto","background-attachment":"scroll","background-type":"","background-media":"","overlay-type":"","overlay-color":"","overlay-opacity":"","overlay-gradient":""}},"footnotes":""},"class_list":["post-325","page","type-page","status-publish","hentry"],"_links":{"self":[{"href":"https:\/\/placevendome.be\/fr\/wp-json\/wp\/v2\/pages\/325","targetHints":{"allow":["GET"]}}],"collection":[{"href":"https:\/\/placevendome.be\/fr\/wp-json\/wp\/v2\/pages"}],"about":[{"href":"https:\/\/placevendome.be\/fr\/wp-json\/wp\/v2\/types\/page"}],"author":[{"embeddable":true,"href":"https:\/\/placevendome.be\/fr\/wp-json\/wp\/v2\/users\/1"}],"replies":[{"embeddable":true,"href":"https:\/\/placevendome.be\/fr\/wp-json\/wp\/v2\/comments?post=325"}],"version-history":[{"count":0,"href":"https:\/\/placevendome.be\/fr\/wp-json\/wp\/v2\/pages\/325\/revisions"}],"wp:attachment":[{"href":"https:\/\/placevendome.be\/fr\/wp-json\/wp\/v2\/media?parent=325"}],"curies":[{"name":"wp","href":"https:\/\/api.w.org\/{rel}","templated":true}]}}